{"id":37,"date":"2017-11-06T17:19:23","date_gmt":"2017-11-06T16:19:23","guid":{"rendered":"http:\/\/www.gubic.at\/?page_id=37"},"modified":"2022-07-14T13:50:39","modified_gmt":"2022-07-14T11:50:39","slug":"home","status":"publish","type":"page","link":"http:\/\/www.gubic.at\/","title":{"rendered":"Home"},"content":{"rendered":"<p>[et_pb_section fb_built=&#8220;1&#8243; fullwidth=&#8220;on&#8220; custom_padding_last_edited=&#8220;off|phone&#8220; _builder_version=&#8220;3.22.3&#8243; background_image=&#8220;http:\/\/www.gubic.at\/wp-content\/uploads\/gubic-spielwaren-oesterreich-wien-kinder-spielen.jpg&#8220; parallax=&#8220;on&#8220;][et_pb_fullwidth_header title=&#8220;Spielerisch Einfach&#8220; text_orientation=&#8220;right&#8220; image_orientation=&#8220;bottom&#8220; module_class=&#8220;keypic_1&#8243; _builder_version=&#8220;3.16&#8243; title_font=&#8220;|600||on|||||&#8220; title_text_align=&#8220;right&#8220; title_font_size=&#8220;75px&#8220; background_color=&#8220;rgba(255, 255, 255, 0)&#8220; custom_padding=&#8220;575px||25px|&#8220; custom_padding_tablet=&#8220;375px||25px|&#8220; custom_padding_phone=&#8220;175px||25px|&#8220; custom_padding_last_edited=&#8220;on|phone&#8220; animation_style=&#8220;slide&#8220; animation_direction=&#8220;right&#8220; title_font_size_tablet=&#8220;55px&#8220; title_font_size_phone=&#8220;45px&#8220; title_font_size_last_edited=&#8220;on|phone&#8220; button_one_text_size__hover_enabled=&#8220;off&#8220; button_two_text_size__hover_enabled=&#8220;off&#8220; button_one_text_color__hover_enabled=&#8220;off&#8220; button_two_text_color__hover_enabled=&#8220;off&#8220; button_one_border_width__hover_enabled=&#8220;off&#8220; button_two_border_width__hover_enabled=&#8220;off&#8220; button_one_border_color__hover_enabled=&#8220;off&#8220; button_two_border_color__hover_enabled=&#8220;off&#8220; button_one_border_radius__hover_enabled=&#8220;off&#8220; button_two_border_radius__hover_enabled=&#8220;off&#8220; button_one_letter_spacing__hover_enabled=&#8220;off&#8220; button_two_letter_spacing__hover_enabled=&#8220;off&#8220; button_one_bg_color__hover_enabled=&#8220;off&#8220; button_two_bg_color__hover_enabled=&#8220;off&#8220;][\/et_pb_fullwidth_header][\/et_pb_section][et_pb_section fb_built=&#8220;1&#8243; module_id=&#8220;gubic&#8220; _builder_version=&#8220;3.22.3&#8243;][et_pb_row column_structure=&#8220;2_3,1_3&#8243; _builder_version=&#8220;3.25&#8243; background_size=&#8220;initial&#8220; background_position=&#8220;top_left&#8220; background_repeat=&#8220;repeat&#8220;][et_pb_column type=&#8220;2_3&#8243; _builder_version=&#8220;3.25&#8243; custom_padding=&#8220;|||&#8220; custom_padding__hover=&#8220;|||&#8220;][et_pb_text _builder_version=&#8220;3.27.4&#8243; header_text_color=&#8220;#df0005&#8243; header_font_size=&#8220;65&#8243; header_2_font=&#8220;|||on|||||&#8220; header_2_font_size=&#8220;50px&#8220; text_orientation=&#8220;justified&#8220; module_alignment=&#8220;left&#8220; header_font_size_tablet=&#8220;50&#8243; header_font_size_phone=&#8220;30&#8243; header_font_size_last_edited=&#8220;on|phone&#8220; header_2_font_size_tablet=&#8220;40px&#8220; header_2_font_size_phone=&#8220;30px&#8220; header_2_font_size_last_edited=&#8220;on|tablet&#8220;]<\/p>\n<h2>Willkommen<\/h2>\n<p><strong>Die Firma Gubic wurde im Jahr 1990 von Davor Gubic gegr\u00fcndet und wird seit 2008 von der Inhaberin Tanja Gubic gef\u00fchrt.\u00a0<\/strong><\/p>\n<p>Wir sind das Bindeglied zwischen Handel und Industrie und vertreten namhafte Firmen in der Spielwaren-, Sport- und Babyartikelbranche in den L\u00e4ndern \u00d6sterreich und S\u00fcdtirol. Langj\u00e4hrige Erfahrung, Kompetenz, hohes Engagement, Teamwork und Fairness zeichnen uns aus.<\/p>\n<p>Wir setzen auf aktive Betreuung aller Handelspartner und hohe Besuchsfrequenz durch unser Team im Au\u00dfendienst. Interessierte Kunden k\u00f6nnen sich auch ganzj\u00e4hrig in unserem Schauraum in Neulengbach \u00fcber das aktuelle Portfolio informieren.<\/p>\n<p><strong>Unsere Firmenphilosophie lautet:<\/strong><\/p>\n<ul>\n<li>Freundlichkeit und Kompetenz<\/li>\n<li>Einfache L\u00f6sungen<\/li>\n<li>Schnelligkeit und Zuverl\u00e4ssigkeit<\/li>\n<li>Gegenseitiger Nutzen<\/li>\n<li>Qualit\u00e4t und Freude f\u00fcr die Zielgruppe<\/li>\n<\/ul>\n<p>[\/et_pb_text][\/et_pb_column][et_pb_column type=&#8220;1_3&#8243; _builder_version=&#8220;3.25&#8243; custom_padding=&#8220;|||&#8220; custom_padding__hover=&#8220;|||&#8220;][\/et_pb_column][\/et_pb_row][\/et_pb_section][et_pb_section fb_built=&#8220;1&#8243; custom_padding_last_edited=&#8220;on|phone&#8220; module_class=&#8220;keypic_2&#8243; _builder_version=&#8220;3.22.3&#8243; background_color=&#8220;#999999&#8243; background_image=&#8220;http:\/\/www.gubic.at\/wp-content\/uploads\/gubic-spielwaren-oesterreich-wien-kind-spielt-mit-lupe.jpg&#8220; parallax=&#8220;on&#8220; custom_padding=&#8220;150px||150px|&#8220; custom_padding_tablet=&#8220;&#8220; custom_padding_phone=&#8220;50px||50px|&#8220;][et_pb_row _builder_version=&#8220;3.25&#8243; background_size=&#8220;initial&#8220; background_position=&#8220;top_left&#8220; background_repeat=&#8220;repeat&#8220; custom_margin=&#8220;|auto|198px|auto||&#8220;][et_pb_column type=&#8220;4_4&#8243; _builder_version=&#8220;3.25&#8243; custom_padding=&#8220;|||&#8220; custom_padding__hover=&#8220;|||&#8220;][et_pb_divider show_divider=&#8220;off&#8220; _builder_version=&#8220;3.2&#8243; height=&#8220;100px&#8220;][\/et_pb_divider][\/et_pb_column][\/et_pb_row][\/et_pb_section][et_pb_section fb_built=&#8220;1&#8243; module_id=&#8220;team&#8220; _builder_version=&#8220;3.22.3&#8243;][et_pb_row module_class=&#8220;team_inner_1&#8243; _builder_version=&#8220;3.25&#8243; custom_margin=&#8220;||0px|&#8220; custom_padding=&#8220;||0px|&#8220;][et_pb_column type=&#8220;4_4&#8243; _builder_version=&#8220;3.25&#8243; custom_padding=&#8220;||0px|&#8220; custom_padding__hover=&#8220;|||&#8220;][et_pb_text admin_label=&#8220;Team&#8220; _builder_version=&#8220;3.27.4&#8243; header_2_font=&#8220;|||on|||||&#8220; header_2_text_color=&#8220;#df0005&#8243; header_2_font_size=&#8220;50px&#8220; header_2_font_size_tablet=&#8220;40px&#8220; header_2_font_size_phone=&#8220;30px&#8220; header_2_font_size_last_edited=&#8220;on|phone&#8220;]<\/p>\n<h2>Team<\/h2>\n<p>[\/et_pb_text][\/et_pb_column][\/et_pb_row][et_pb_row column_structure=&#8220;1_3,1_3,1_3&#8243; module_class=&#8220;team_inner_2&#8243; _builder_version=&#8220;3.25.4&#8243; custom_margin=&#8220;0px|||&#8220; custom_padding=&#8220;0px|||&#8220;][et_pb_column type=&#8220;1_3&#8243; _builder_version=&#8220;3.25&#8243; custom_padding=&#8220;0px|||&#8220; custom_padding__hover=&#8220;|||&#8220;][et_pb_image src=&#8220;http:\/\/www.gubic.at\/wp-content\/uploads\/gubic-spielwaren-oesterreich-wien-portrait-tanja-gubic.jpg&#8220; _builder_version=&#8220;3.23&#8243; custom_margin=&#8220;||26px|||&#8220; always_center_on_mobile=&#8220;off&#8220;][\/et_pb_image][et_pb_text admin_label=&#8220;Tanja Gubic&#8220; _builder_version=&#8220;4.9.7&#8243;]<\/p>\n<p style=\"text-align: center;\"><strong>Tanja Gubic<\/strong><strong><br \/>\n<\/strong>Gesch\u00e4ftsf\u00fchrung<br \/>\nKey Accounts und Ost-\u00d6sterreich<\/span><\/p>\n<p>[\/et_pb_text][\/et_pb_column][et_pb_column type=&#8220;1_3&#8243; _builder_version=&#8220;3.25&#8243; custom_padding=&#8220;0px|||&#8220; custom_padding__hover=&#8220;|||&#8220;][et_pb_image src=&#8220;http:\/\/www.gubic.at\/wp-content\/uploads\/2021\/09\/023.jpg&#8220; title_text=&#8220;023&#8243; _builder_version=&#8220;4.9.7&#8243; always_center_on_mobile=&#8220;off&#8220;][\/et_pb_image][et_pb_text admin_label=&#8220;Susanne Baltof&#8220; _builder_version=&#8220;4.9.7&#8243;]<\/p>\n<p style=\"text-align: center;\"><strong>Andrea Peter<br \/><\/strong>Innendienst<\/p>\n<p>[\/et_pb_text][\/et_pb_column][et_pb_column type=&#8220;1_3&#8243; _builder_version=&#8220;3.25&#8243; custom_padding=&#8220;0px|||&#8220; custom_padding__hover=&#8220;|||&#8220;][et_pb_image src=&#8220;http:\/\/www.gubic.at\/wp-content\/uploads\/Michael.jpg&#8220; _builder_version=&#8220;3.25.4&#8243; always_center_on_mobile=&#8220;off&#8220;][\/et_pb_image][et_pb_text admin_label=&#8220;Helmut Frischeisen&#8220; _builder_version=&#8220;3.27.4&#8243;]<\/p>\n<p style=\"text-align: center;\"><strong>Michael M\u00e4rzluft<br \/> <\/strong>Au\u00dfendienst <br \/> West-\u00d6sterreich und S\u00fcdtirol<\/p>\n<p>[\/et_pb_text][\/et_pb_column][\/et_pb_row][\/et_pb_section][et_pb_section fb_built=&#8220;1&#8243; custom_padding_last_edited=&#8220;on|phone&#8220; module_class=&#8220;keypic_3&#8243; _builder_version=&#8220;3.22.3&#8243; background_color=&#8220;#999999&#8243; background_image=&#8220;http:\/\/www.gubic.at\/wp-content\/uploads\/gubic-spielwaren-oesterreich-wien-kinder-liegen-in-der-wiese.jpg&#8220; parallax=&#8220;on&#8220; custom_padding=&#8220;150px||150px|&#8220; custom_padding_tablet=&#8220;&#8220; custom_padding_phone=&#8220;50px||50px|&#8220;][et_pb_row _builder_version=&#8220;3.25&#8243; background_size=&#8220;initial&#8220; background_position=&#8220;top_left&#8220; background_repeat=&#8220;repeat&#8220; min_height=&#8220;295px&#8220; custom_margin=&#8220;-159px|auto|354px|auto||&#8220;][et_pb_column type=&#8220;4_4&#8243; _builder_version=&#8220;3.25&#8243; custom_padding=&#8220;|||&#8220; custom_padding__hover=&#8220;|||&#8220;][et_pb_divider show_divider=&#8220;off&#8220; _builder_version=&#8220;3.2&#8243; height=&#8220;100px&#8220;][\/et_pb_divider][\/et_pb_column][\/et_pb_row][\/et_pb_section][et_pb_section fb_built=&#8220;1&#8243; module_id=&#8220;kontakt&#8220; _builder_version=&#8220;3.22.3&#8243;][et_pb_row _builder_version=&#8220;3.25&#8243; background_size=&#8220;initial&#8220; background_position=&#8220;top_left&#8220; background_repeat=&#8220;repeat&#8220;][et_pb_column type=&#8220;4_4&#8243; _builder_version=&#8220;3.25&#8243; custom_padding=&#8220;|||&#8220; custom_padding__hover=&#8220;|||&#8220;][et_pb_text _builder_version=&#8220;3.27.4&#8243; header_2_font=&#8220;|||on|||||&#8220; header_2_text_color=&#8220;#df0005&#8243; header_2_font_size=&#8220;50px&#8220; header_2_font_size_tablet=&#8220;40px&#8220; header_2_font_size_phone=&#8220;30px&#8220; header_2_font_size_last_edited=&#8220;on|phone&#8220;]<\/p>\n<h2>Kontakt<\/h2>\n<p><strong>GUBIC Vertriebs-GmbH<\/strong><\/p>\n<p>Wiener Stra\u00dfe 5\/3<br \/>A-3040 Neulengbach<\/p>\n<p><span class=\"initials\">T<\/span>\u00a0 +43 664 44 90 004<\/p>\n<p><span class=\"initials\">E<\/span>\u00a0\u00a0<a href=\"mailto:office@gubic.at\">office@gubic.at<\/a><\/p>\n<p>&nbsp;<\/p>\n<p>Wir freuen uns \u00fcber Ihre Nachricht.<\/p>\n<p>&nbsp;<\/p>\n<p>[\/et_pb_text][\/et_pb_column][\/et_pb_row][et_pb_row column_structure=&#8220;1_3,2_3&#8243; module_class=&#8220;dsgvo_contact&#8220; _builder_version=&#8220;3.25&#8243; custom_margin=&#8220;0px||0px|&#8220; custom_padding=&#8220;0px||0px|&#8220;][et_pb_column type=&#8220;1_3&#8243; _builder_version=&#8220;3.25&#8243; custom_padding=&#8220;0px||0px|&#8220; custom_padding__hover=&#8220;|||&#8220;][\/et_pb_column][et_pb_column type=&#8220;2_3&#8243; _builder_version=&#8220;3.25&#8243; custom_padding=&#8220;|||&#8220; custom_padding__hover=&#8220;|||&#8220;][et_pb_text _builder_version=&#8220;3.27.4&#8243; header_2_font=&#8220;|||on|||||&#8220; header_2_text_color=&#8220;#df0005&#8243; header_2_font_size=&#8220;50px&#8220; header_2_font_size_tablet=&#8220;40px&#8220; header_2_font_size_phone=&#8220;30px&#8220; header_2_font_size_last_edited=&#8220;on|phone&#8220;]<\/p>\n<p style=\"text-align: right;\">Ihre Daten werden nur f\u00fcr die Kontaktaufnahme verwendet und nicht an Dritte weitergeleitet. Mit \u201eSenden\u201c akzeptieren Sie auch unsere <a href=\"\/datenschutzerklaerung\" target=\"_blank\" rel=\"noopener noreferrer\">Datenschutzerkl\u00e4rung<\/a>.<\/p>\n<p>&nbsp;[\/et_pb_text][\/et_pb_column][\/et_pb_row][\/et_pb_section]<\/p>\n","protected":false},"excerpt":{"rendered":"<p>[et_pb_section fb_built=&#8220;1&#8243; fullwidth=&#8220;on&#8220; custom_padding_last_edited=&#8220;off|phone&#8220; _builder_version=&#8220;3.22.3&#8243; background_image=&#8220;http:\/\/www.gubic.at\/wp-content\/uploads\/gubic-spielwaren-oesterreich-wien-kinder-spielen.jpg&#8220; parallax=&#8220;on&#8220;][et_pb_fullwidth_header title=&#8220;Spielerisch Einfach&#8220; text_orientation=&#8220;right&#8220; image_orientation=&#8220;bottom&#8220; module_class=&#8220;keypic_1&#8243; _builder_version=&#8220;3.16&#8243; title_font=&#8220;|600||on|||||&#8220; title_text_align=&#8220;right&#8220; title_font_size=&#8220;75px&#8220; background_color=&#8220;rgba(255, 255, 255, 0)&#8220; custom_padding=&#8220;575px||25px|&#8220; custom_padding_tablet=&#8220;375px||25px|&#8220; custom_padding_phone=&#8220;175px||25px|&#8220; custom_padding_last_edited=&#8220;on|phone&#8220; animation_style=&#8220;slide&#8220; animation_direction=&#8220;right&#8220; title_font_size_tablet=&#8220;55px&#8220; title_font_size_phone=&#8220;45px&#8220; title_font_size_last_edited=&#8220;on|phone&#8220; button_one_text_size__hover_enabled=&#8220;off&#8220; button_two_text_size__hover_enabled=&#8220;off&#8220; button_one_text_color__hover_enabled=&#8220;off&#8220; button_two_text_color__hover_enabled=&#8220;off&#8220; button_one_border_width__hover_enabled=&#8220;off&#8220; button_two_border_width__hover_enabled=&#8220;off&#8220; button_one_border_color__hover_enabled=&#8220;off&#8220; button_two_border_color__hover_enabled=&#8220;off&#8220; button_one_border_radius__hover_enabled=&#8220;off&#8220; button_two_border_radius__hover_enabled=&#8220;off&#8220; button_one_letter_spacing__hover_enabled=&#8220;off&#8220; button_two_letter_spacing__hover_enabled=&#8220;off&#8220; button_one_bg_color__hover_enabled=&#8220;off&#8220; button_two_bg_color__hover_enabled=&#8220;off&#8220;][\/et_pb_fullwidth_header][\/et_pb_section][et_pb_section fb_built=&#8220;1&#8243; module_id=&#8220;gubic&#8220; _builder_version=&#8220;3.22.3&#8243;][et_pb_row column_structure=&#8220;2_3,1_3&#8243; _builder_version=&#8220;3.25&#8243; background_size=&#8220;initial&#8220; background_position=&#8220;top_left&#8220; background_repeat=&#8220;repeat&#8220;][et_pb_column type=&#8220;2_3&#8243; _builder_version=&#8220;3.25&#8243; custom_padding=&#8220;|||&#8220; custom_padding__hover=&#8220;|||&#8220;][et_pb_text [&hellip;]<\/p>\n","protected":false},"author":1,"featured_media":0,"parent":0,"menu_order":0,"comment_status":"closed","ping_status":"closed","template":"","meta":{"_et_pb_use_builder":"on","_et_pb_old_content":"<p>[et_pb_section admin_label=\"section\"][et_pb_row admin_label=\"row\"][\/et_pb_row][\/et_pb_section]<\/p>","_et_gb_content_width":"","footnotes":""},"class_list":["post-37","page","type-page","status-publish","hentry"],"_links":{"self":[{"href":"http:\/\/www.gubic.at\/index.php?rest_route=\/wp\/v2\/pages\/37","targetHints":{"allow":["GET"]}}],"collection":[{"href":"http:\/\/www.gubic.at\/index.php?rest_route=\/wp\/v2\/pages"}],"about":[{"href":"http:\/\/www.gubic.at\/index.php?rest_route=\/wp\/v2\/types\/page"}],"author":[{"embeddable":true,"href":"http:\/\/www.gubic.at\/index.php?rest_route=\/wp\/v2\/users\/1"}],"replies":[{"embeddable":true,"href":"http:\/\/www.gubic.at\/index.php?rest_route=%2Fwp%2Fv2%2Fcomments&post=37"}],"version-history":[{"count":9,"href":"http:\/\/www.gubic.at\/index.php?rest_route=\/wp\/v2\/pages\/37\/revisions"}],"predecessor-version":[{"id":537,"href":"http:\/\/www.gubic.at\/index.php?rest_route=\/wp\/v2\/pages\/37\/revisions\/537"}],"wp:attachment":[{"href":"http:\/\/www.gubic.at\/index.php?rest_route=%2Fwp%2Fv2%2Fmedia&parent=37"}],"curies":[{"name":"wp","href":"https:\/\/api.w.org\/{rel}","templated":true}]}}